{"id":2579,"date":"2015-07-16T09:12:51","date_gmt":"2015-07-16T07:12:51","guid":{"rendered":"https:\/\/inducta.ch\/demande-de-contact\/"},"modified":"2024-01-30T13:40:18","modified_gmt":"2024-01-30T12:40:18","slug":"demande-de-contact","status":"publish","type":"page","link":"https:\/\/inducta.ch\/fr\/demande-de-contact\/","title":{"rendered":"Demande de contact"},"content":{"rendered":"<div  class='av_gmaps_sc_main_wrap av_gmaps_main_wrap '><div id='av_gmap_0' class='avia-google-map-container avia-google-map-sc av_gmaps_show_unconditionally av-no-fallback-img ' data-mapid='av_gmap_0'  style='height: 230px;'><a class=\"av_gmaps_browser_disabled av_text_confirm_link av_text_confirm_link_visible\" href=\"https:\/\/www.google.com\/maps\/search\/?api=1&#038;query=Im%20Schoren%2010%203645%20Gwatt%20%20Suisse\" target=\"_blank\">Les cartes ont \u00e9t\u00e9 d\u00e9sactiv\u00e9es par le visiteur sur ce site. Cliquer pour ouvrir la carte dans une nouvelle fen\u00eatre.<\/a><\/div><\/div>\n\n<style type=\"text\/css\" data-created_by=\"avia_inline_auto\" id=\"style-css-av-145nae-c9bb00891fa3d9dfb2bd333e47dd41ca\">\n.avia-section.av-145nae-c9bb00891fa3d9dfb2bd333e47dd41ca{\nmargin-top:40px;\nmargin-bottom:20px;\n}\n<\/style>\n<div id='av_section_1'  class='avia-section av-145nae-c9bb00891fa3d9dfb2bd333e47dd41ca main_color avia-section-small avia-no-shadow  avia-builder-el-1  el_after_av_google_map  el_before_av_section  avia-bg-style-scroll container_wrap fullsize'  ><div class='container av-section-cont-open' ><div class='template-page content  av-content-full alpha units'><div class='post-entry post-entry-type-page post-entry-2579'><div class='entry-content-wrapper clearfix'>\n<div class='flex_column_table av-1kbp16-e1f263d1e3728f44463d8d52ed000efa sc-av_one_half av-break-at-tablet-flextable av-equal-height-column-flextable'>\n<style type=\"text\/css\" data-created_by=\"avia_inline_auto\" id=\"style-css-av-1kbp16-e1f263d1e3728f44463d8d52ed000efa\">\n.flex_column.av-1kbp16-e1f263d1e3728f44463d8d52ed000efa{\nborder-radius:0px 0px 0px 0px;\npadding:20px 20px 20px 20px;\nbackground-color:#919191;\n}\n<\/style>\n<div  class='flex_column av-1kbp16-e1f263d1e3728f44463d8d52ed000efa av_one_half  avia-builder-el-2  el_before_av_one_half  avia-builder-el-first  first av-break-at-tablet flex_column_table_cell av-equal-height-column av-align-top av-animated-generic bottom-to-top  '     ><p>\n<style type=\"text\/css\" data-created_by=\"avia_inline_auto\" id=\"style-css-av-t0tjo-87db468b41354e59007ca248439d5aa0\">\n#top .av-special-heading.av-t0tjo-87db468b41354e59007ca248439d5aa0{\npadding-bottom:10px;\ncolor:#ffffff;\n}\nbody .av-special-heading.av-t0tjo-87db468b41354e59007ca248439d5aa0 .av-special-heading-tag .heading-char{\nfont-size:25px;\n}\n.av-special-heading.av-t0tjo-87db468b41354e59007ca248439d5aa0 .special-heading-inner-border{\nborder-color:#ffffff;\n}\n.av-special-heading.av-t0tjo-87db468b41354e59007ca248439d5aa0 .av-subheading{\nfont-size:15px;\n}\n<\/style>\n<div  class='av-special-heading av-t0tjo-87db468b41354e59007ca248439d5aa0 av-special-heading-h1 custom-color-heading blockquote modern-quote  avia-builder-el-3  el_before_av_contact  avia-builder-el-first '><h1 class='av-special-heading-tag '  itemprop=\"headline\"  >Votre demande de contact<\/h1><div class=\"special-heading-border\"><div class=\"special-heading-inner-border\"><\/div><\/div><\/div><br \/>\n<form action=\"https:\/\/inducta.ch\/fr\/demande-de-contact\/\" method=\"post\" data-fields-with-error=\"Erreurs trouv\u00e9es dans les champs suivants :\" class=\"avia_ajax_form av-form-labels-hidden   avia-builder-el-4  el_after_av_heading  avia-builder-el-last  av-custom-form-color av-light-form \" data-avia-form-id=\"1\" data-avia-redirect='' ><fieldset><p class='  first_form  form_element form_element_half' id='element_avia_1_1'><label for=\"avia_1_1\">Nom <abbr class=\"required\" title=\"requis(e)\">*<\/abbr><\/label> <input name=\"avia_1_1\" class=\"text_input is_empty\" type=\"text\" id=\"avia_1_1\" value=\"\"  placeholder='Nom*'\/><\/p><p class='  form_element form_element_half' id='element_avia_2_1'><label for=\"avia_2_1\">E-Mail <abbr class=\"required\" title=\"requis(e)\">*<\/abbr><\/label> <input name=\"avia_2_1\" class=\"text_input is_email\" type=\"text\" id=\"avia_2_1\" value=\"\"  placeholder='E-Mail*'\/><\/p><p class='  first_form  form_element form_element_half' id='element_avia_3_1'><label for=\"avia_3_1\">T\u00e9l\u00e9phone<\/label> <input name=\"avia_3_1\" class=\"text_input \" type=\"text\" id=\"avia_3_1\" value=\"\"  placeholder='T\u00e9l\u00e9phone'\/><\/p><p class='  form_element form_element_half' id='element_avia_4_1'><label for=\"avia_4_1\">Adresse<\/label> <input name=\"avia_4_1\" class=\"text_input \" type=\"text\" id=\"avia_4_1\" value=\"\"  placeholder='Adresse'\/><\/p><p class='  first_form  form_element form_fullwidth' id='element_avia_5_1'><label for=\"avia_5_1\" class=\"textare_label hidden textare_label_avia_5_1\">Message <abbr class=\"required\" title=\"requis(e)\">*<\/abbr><\/label><textarea  placeholder='Message*' name=\"avia_5_1\" class=\"text_area is_empty\" cols=\"40\" rows=\"7\" id=\"avia_5_1\" ><\/textarea><\/p><p class=\"hidden\"><input type=\"text\" name=\"avia_6_1\" class=\"hidden \" id=\"avia_6_1\" value=\"\" \/><\/p><div id='avia_7_1' class='av-recaptcha-area  first_form  form_element form_fullwidth '  data-container_class=\"\" data-custom_class=\"\" data-context=\"av_contact_form\" data-token_input=\"av_recaptcha_token\" data-version=\"avia_recaptcha_v3\" data-theme=\"light\" data-size=\"normal\" data-score=\"0.5\" data-text_to_preview=\"\" data-value=\"\"><div class=\"av-google-badge-message\">Cette page est prot\u00e9g\u00e9e par reCAPTCHA et la <a href=\"https:\/\/policies.google.com\/privacy\" target=\"_blank\">politique de confidentialit\u00e9<\/a> et les <a href=\"https:\/\/policies.google.com\/terms\" target=\"_blank\">conditions d'utilisation<\/a> de Google s'appliquent.<\/div><\/div><p class=\"form_element \"><input type=\"hidden\" value=\"1\" name=\"avia_generated_form1\" \/><input type=\"submit\" value=\"Envoyer\" class=\"button\"  data-sending-label=\"Envoi\"\/><\/p><\/fieldset><div class=\"avia-disabled-form\">Ce formulaire est d\u00e9sactiv\u00e9 dans la mesure o\u00f9 vous refusez d\u2019accepter le service Google reCAPTCHA n\u00e9cessaire pour valider toute exp\u00e9dition de message depuis celui-ci.<\/div><\/form><div id=\"ajaxresponse_1\" class=\"ajaxresponse ajaxresponse_1 hidden\"><\/div><\/p><\/div><div class='av-flex-placeholder'><\/div>\n<style type=\"text\/css\" data-created_by=\"avia_inline_auto\" id=\"style-css-av-1kbp16-1-bef25ee454acdb0624c2e881d6d74a26\">\n.flex_column.av-1kbp16-1-bef25ee454acdb0624c2e881d6d74a26{\nborder-radius:0px 0px 0px 0px;\npadding:20px 20px 20px 20px;\nbackground-color:#f7f7f7;\n}\n<\/style>\n<div  class='flex_column av-1kbp16-1-bef25ee454acdb0624c2e881d6d74a26 av_one_half  avia-builder-el-5  el_after_av_one_half  avia-builder-el-last  av-break-at-tablet flex_column_table_cell av-equal-height-column av-align-top av-animated-generic bottom-to-top  '     ><p>\n<style type=\"text\/css\" data-created_by=\"avia_inline_auto\" id=\"style-css-av-acuyk-f6b89e230fd5bceb2e2b2295e47730ff\">\n#top .av-special-heading.av-acuyk-f6b89e230fd5bceb2e2b2295e47730ff{\npadding-bottom:10px;\n}\nbody .av-special-heading.av-acuyk-f6b89e230fd5bceb2e2b2295e47730ff .av-special-heading-tag .heading-char{\nfont-size:25px;\n}\n.av-special-heading.av-acuyk-f6b89e230fd5bceb2e2b2295e47730ff .av-subheading{\nfont-size:15px;\n}\n<\/style>\n<div  class='av-special-heading av-acuyk-f6b89e230fd5bceb2e2b2295e47730ff av-special-heading-h2 blockquote modern-quote  avia-builder-el-6  el_before_av_textblock  avia-builder-el-first '><h2 class='av-special-heading-tag '  itemprop=\"headline\"  >Nos coordonn\u00e9es<\/h2><div class=\"special-heading-border\"><div class=\"special-heading-inner-border\"><\/div><\/div><\/div><br \/>\n<section  class='av_textblock_section av-31jcro-e967d28d9e5b8b24bf7ea838b0e7e88a '   itemscope=\"itemscope\" itemtype=\"https:\/\/schema.org\/CreativeWork\" ><div class='avia_textblock'  itemprop=\"text\" ><p><strong>Si\u00e8ge de l\u2019entreprise \/ adresse de livraison :<\/strong><br \/>\nINDUCTA AG<br \/>\nIm Schoren 10<br \/>\nCH-3645 Gwatt<\/p>\n<p><strong>Adresse de correspondance :<\/strong><br \/>\nINDUCTA AG<br \/>\nCase postale<br \/>\nCH-3604 Thoune<\/p>\n<p>T\u00e9l\u00e9phone :\u00a0<a href=\"tel:+41333361212\">+41 33 336 12 12<\/a><br \/>\nFax : +41 33 334 12 12<br \/>\n<a href=\"mailto:info@inducta.ch\">E-mail<\/a><\/p>\n<\/div><\/section><br \/>\n<section  class='av_textblock_section av-175vxm-01dd3afba1958879f66d44093463e0d7 '   itemscope=\"itemscope\" itemtype=\"https:\/\/schema.org\/CreativeWork\" ><div class='avia_textblock'  itemprop=\"text\" ><p><strong>Horaires d\u2019ouverture :<\/strong><strong><br \/>\n<\/strong>lundi &#8211; vendredi 07:30 &#8211; 12:00 et 13:30 &#8211; 17:00<\/p>\n<p><strong>Service client\u00e8le :<\/strong><strong><br \/>\n<\/strong>Vous pouvez nous joindre pendant nos heures de bureau au\u00a0<a href=\"tel:+41333361212\">+41 33 336 12 12<\/a>\u00a0.<br \/>\nEn cas d\u2019urgence en dehors des heures de bureau, merci de nous envoyer une\u00a0<a href=\"https:\/\/inducta.ch\/fr\/demande-de-support\/\">demande de support<\/a>.<\/p>\n<\/div><\/section><br \/>\n<section  class='av_textblock_section av-lmovmaq9-e4099477ea23c8a6cbbb84c852007ae8 '   itemscope=\"itemscope\" itemtype=\"https:\/\/schema.org\/CreativeWork\" ><div class='avia_textblock'  itemprop=\"text\" ><p><strong>D\u00e9tails de la soci\u00e9t\u00e9 :<\/strong><strong><br \/>\n<\/strong>Num\u00e9ro d\u2019identification de l\u2019entreprise (IDE): CHE-268.640.886<br \/>\nNum\u00e9ro TVA : CHE-268.640.886 TVA<br \/>\nNum\u00e9ro EORI :\u00a0DE1899864<\/p>\n<\/div><\/section><\/p><\/div><\/div><!--close column table wrapper. Autoclose: 1 --><\/div><\/div><\/div><!-- close content main div --><\/div><\/div>\n<style type=\"text\/css\" data-created_by=\"avia_inline_auto\" id=\"style-css-av-minrg-5a2d8abca5141ba150ef7a930b4d17e9\">\n.avia-section.av-minrg-5a2d8abca5141ba150ef7a930b4d17e9{\nbackground-color:#ab9e96;\nbackground:linear-gradient( to bottom, #ab9e96, #d6c7bb, #ffffff );\n}\n<\/style>\n<div id='av_section_2'  class='avia-section av-minrg-5a2d8abca5141ba150ef7a930b4d17e9 main_color avia-section-small avia-no-border-styling  avia-builder-el-10  el_after_av_section  avia-builder-el-last  avia-bg-style-scroll container_wrap fullsize'  ><div class='container av-section-cont-open' ><div class='template-page content  av-content-full alpha units'><div class='post-entry post-entry-type-page post-entry-2579'><div class='entry-content-wrapper clearfix'>\n<div class='flex_column_table av-ert6k-04d8030dbc1bd2cb95e97b5921ca884c sc-av_one_full av-equal-height-column-flextable'>\n<style type=\"text\/css\" data-created_by=\"avia_inline_auto\" id=\"style-css-av-ert6k-04d8030dbc1bd2cb95e97b5921ca884c\">\n.flex_column.av-ert6k-04d8030dbc1bd2cb95e97b5921ca884c{\nborder-radius:0px 0px 0px 0px;\npadding:0px 0px 0px 0px;\n}\n.avia_transform .flex_column.av-ert6k-04d8030dbc1bd2cb95e97b5921ca884c{\nanimation-duration:2s;\n}\n<\/style>\n<div  class='flex_column av-ert6k-04d8030dbc1bd2cb95e97b5921ca884c av_one_full  avia-builder-el-11  avia-builder-el-no-sibling  first flex_column_table_cell av-equal-height-column av-align-middle av-animated-generic left-to-right av-zero-column-padding  '     ><style type=\"text\/css\" data-created_by=\"avia_inline_auto\" id=\"style-css-av-6wpto-bece79634c5fcf42ac26e124307ae961\">\n#top .av_textblock_section.av-6wpto-bece79634c5fcf42ac26e124307ae961 .avia_textblock{\nfont-size:30px;\ntext-align:center;\n}\n\n@media only screen and (min-width: 768px) and (max-width: 989px){ \n#top .av_textblock_section.av-6wpto-bece79634c5fcf42ac26e124307ae961 .avia_textblock{\nfont-size:20px;\n}\n}\n\n@media only screen and (min-width: 480px) and (max-width: 767px){ \n#top .av_textblock_section.av-6wpto-bece79634c5fcf42ac26e124307ae961 .avia_textblock{\nfont-size:20px;\n}\n}\n\n@media only screen and (max-width: 479px){ \n#top .av_textblock_section.av-6wpto-bece79634c5fcf42ac26e124307ae961 .avia_textblock{\nfont-size:15px;\n}\n}\n<\/style>\n<section  class='av_textblock_section av-6wpto-bece79634c5fcf42ac26e124307ae961 '   itemscope=\"itemscope\" itemtype=\"https:\/\/schema.org\/CreativeWork\" ><div class='avia_textblock'  itemprop=\"text\" ><p style=\"text-align: center;\"><strong><em>Time is magic<\/em><\/strong>\u00a0\u2013\u00a0nous rendons cette <strong>magie<\/strong> <strong><em>VISIBLE<\/em><\/strong>\u00a0de loin<\/p>\n<\/div><\/section><\/div><\/div><!--close column table wrapper. Autoclose: 1 -->\n<\/p>\n","protected":false},"excerpt":{"rendered":"","protected":false},"author":1,"featured_media":1795,"parent":0,"menu_order":0,"comment_status":"open","ping_status":"closed","template":"","meta":{"footnotes":""},"class_list":["post-2579","page","type-page","status-publish","has-post-thumbnail","hentry"],"yoast_head":"<!-- This site is optimized with the Yoast SEO plugin v27.4 - https:\/\/yoast.com\/product\/yoast-seo-wordpress\/ -->\n<title>Demande de contact - INDUCTA AG<\/title>\n<meta name=\"description\" content=\"INDUCTA AG - Souhaitez-vous un conseil ou avez-vous une question concernant notre gramme de produits ? Nous attendons volontiers votre demande de contact \u00e0 ce sujet.\" \/>\n<meta name=\"robots\" content=\"index, follow, max-snippet:-1, max-image-preview:large, max-video-preview:-1\" \/>\n<link rel=\"canonical\" href=\"https:\/\/inducta.ch\/fr\/demande-de-contact\/\" \/>\n<meta property=\"og:locale\" content=\"fr_FR\" \/>\n<meta property=\"og:type\" content=\"article\" \/>\n<meta property=\"og:title\" content=\"Demande de contact - INDUCTA AG\" \/>\n<meta property=\"og:description\" content=\"INDUCTA AG - Souhaitez-vous un conseil ou avez-vous une question concernant notre gramme de produits ? Nous attendons volontiers votre demande de contact \u00e0 ce sujet.\" \/>\n<meta property=\"og:url\" content=\"https:\/\/inducta.ch\/fr\/demande-de-contact\/\" \/>\n<meta property=\"og:site_name\" content=\"INDUCTA AG\" \/>\n<meta property=\"article:modified_time\" content=\"2024-01-30T12:40:18+00:00\" \/>\n<meta property=\"og:image\" content=\"https:\/\/inducta.ch\/wp-content\/uploads\/2023\/09\/Firmensitz-Inducta.jpg\" \/>\n\t<meta property=\"og:image:width\" content=\"845\" \/>\n\t<meta property=\"og:image:height\" content=\"522\" \/>\n\t<meta property=\"og:image:type\" content=\"image\/jpeg\" \/>\n<meta name=\"twitter:card\" content=\"summary_large_image\" \/>\n<meta name=\"twitter:label1\" content=\"Dur\u00e9e de lecture estim\u00e9e\" \/>\n\t<meta name=\"twitter:data1\" content=\"1 minute\" \/>\n<script type=\"application\/ld+json\" class=\"yoast-schema-graph\">{\"@context\":\"https:\\\/\\\/schema.org\",\"@graph\":[{\"@type\":\"WebPage\",\"@id\":\"https:\\\/\\\/inducta.ch\\\/fr\\\/demande-de-contact\\\/\",\"url\":\"https:\\\/\\\/inducta.ch\\\/fr\\\/demande-de-contact\\\/\",\"name\":\"Demande de contact - INDUCTA AG\",\"isPartOf\":{\"@id\":\"https:\\\/\\\/inducta.ch\\\/fr\\\/#website\"},\"primaryImageOfPage\":{\"@id\":\"https:\\\/\\\/inducta.ch\\\/fr\\\/demande-de-contact\\\/#primaryimage\"},\"image\":{\"@id\":\"https:\\\/\\\/inducta.ch\\\/fr\\\/demande-de-contact\\\/#primaryimage\"},\"thumbnailUrl\":\"https:\\\/\\\/inducta.ch\\\/wp-content\\\/uploads\\\/2023\\\/09\\\/Firmensitz-Inducta.jpg\",\"datePublished\":\"2015-07-16T07:12:51+00:00\",\"dateModified\":\"2024-01-30T12:40:18+00:00\",\"description\":\"INDUCTA AG - Souhaitez-vous un conseil ou avez-vous une question concernant notre gramme de produits ? Nous attendons volontiers votre demande de contact \u00e0 ce sujet.\",\"breadcrumb\":{\"@id\":\"https:\\\/\\\/inducta.ch\\\/fr\\\/demande-de-contact\\\/#breadcrumb\"},\"inLanguage\":\"fr-FR\",\"potentialAction\":[{\"@type\":\"ReadAction\",\"target\":[\"https:\\\/\\\/inducta.ch\\\/fr\\\/demande-de-contact\\\/\"]}]},{\"@type\":\"ImageObject\",\"inLanguage\":\"fr-FR\",\"@id\":\"https:\\\/\\\/inducta.ch\\\/fr\\\/demande-de-contact\\\/#primaryimage\",\"url\":\"https:\\\/\\\/inducta.ch\\\/wp-content\\\/uploads\\\/2023\\\/09\\\/Firmensitz-Inducta.jpg\",\"contentUrl\":\"https:\\\/\\\/inducta.ch\\\/wp-content\\\/uploads\\\/2023\\\/09\\\/Firmensitz-Inducta.jpg\",\"width\":845,\"height\":522,\"caption\":\"INDUCTA AG - Firmensitz im Schoren Gwatt\\\/Thun\"},{\"@type\":\"BreadcrumbList\",\"@id\":\"https:\\\/\\\/inducta.ch\\\/fr\\\/demande-de-contact\\\/#breadcrumb\",\"itemListElement\":[{\"@type\":\"ListItem\",\"position\":1,\"name\":\"Startseite\",\"item\":\"https:\\\/\\\/inducta.ch\\\/fr\\\/\"},{\"@type\":\"ListItem\",\"position\":2,\"name\":\"Demande de contact\"}]},{\"@type\":\"WebSite\",\"@id\":\"https:\\\/\\\/inducta.ch\\\/fr\\\/#website\",\"url\":\"https:\\\/\\\/inducta.ch\\\/fr\\\/\",\"name\":\"INDUCTA AG\",\"description\":\"Time is magic \u2013 wir machen diese Magie von Weitem sichtbar\",\"publisher\":{\"@id\":\"https:\\\/\\\/inducta.ch\\\/fr\\\/#organization\"},\"potentialAction\":[{\"@type\":\"SearchAction\",\"target\":{\"@type\":\"EntryPoint\",\"urlTemplate\":\"https:\\\/\\\/inducta.ch\\\/fr\\\/?s={search_term_string}\"},\"query-input\":{\"@type\":\"PropertyValueSpecification\",\"valueRequired\":true,\"valueName\":\"search_term_string\"}}],\"inLanguage\":\"fr-FR\"},{\"@type\":\"Organization\",\"@id\":\"https:\\\/\\\/inducta.ch\\\/fr\\\/#organization\",\"name\":\"INDUCTA AG\",\"url\":\"https:\\\/\\\/inducta.ch\\\/fr\\\/\",\"logo\":{\"@type\":\"ImageObject\",\"inLanguage\":\"fr-FR\",\"@id\":\"https:\\\/\\\/inducta.ch\\\/fr\\\/#\\\/schema\\\/logo\\\/image\\\/\",\"url\":\"https:\\\/\\\/inducta.ch\\\/wp-content\\\/uploads\\\/2023\\\/10\\\/Inducta_logo-1.png\",\"contentUrl\":\"https:\\\/\\\/inducta.ch\\\/wp-content\\\/uploads\\\/2023\\\/10\\\/Inducta_logo-1.png\",\"width\":341,\"height\":130,\"caption\":\"INDUCTA AG\"},\"image\":{\"@id\":\"https:\\\/\\\/inducta.ch\\\/fr\\\/#\\\/schema\\\/logo\\\/image\\\/\"}}]}<\/script>\n<!-- \/ Yoast SEO plugin. -->","yoast_head_json":{"title":"Demande de contact - INDUCTA AG","description":"INDUCTA AG - Souhaitez-vous un conseil ou avez-vous une question concernant notre gramme de produits ? Nous attendons volontiers votre demande de contact \u00e0 ce sujet.","robots":{"index":"index","follow":"follow","max-snippet":"max-snippet:-1","max-image-preview":"max-image-preview:large","max-video-preview":"max-video-preview:-1"},"canonical":"https:\/\/inducta.ch\/fr\/demande-de-contact\/","og_locale":"fr_FR","og_type":"article","og_title":"Demande de contact - INDUCTA AG","og_description":"INDUCTA AG - Souhaitez-vous un conseil ou avez-vous une question concernant notre gramme de produits ? Nous attendons volontiers votre demande de contact \u00e0 ce sujet.","og_url":"https:\/\/inducta.ch\/fr\/demande-de-contact\/","og_site_name":"INDUCTA AG","article_modified_time":"2024-01-30T12:40:18+00:00","og_image":[{"width":845,"height":522,"url":"https:\/\/inducta.ch\/wp-content\/uploads\/2023\/09\/Firmensitz-Inducta.jpg","type":"image\/jpeg"}],"twitter_card":"summary_large_image","twitter_misc":{"Dur\u00e9e de lecture estim\u00e9e":"1 minute"},"schema":{"@context":"https:\/\/schema.org","@graph":[{"@type":"WebPage","@id":"https:\/\/inducta.ch\/fr\/demande-de-contact\/","url":"https:\/\/inducta.ch\/fr\/demande-de-contact\/","name":"Demande de contact - INDUCTA AG","isPartOf":{"@id":"https:\/\/inducta.ch\/fr\/#website"},"primaryImageOfPage":{"@id":"https:\/\/inducta.ch\/fr\/demande-de-contact\/#primaryimage"},"image":{"@id":"https:\/\/inducta.ch\/fr\/demande-de-contact\/#primaryimage"},"thumbnailUrl":"https:\/\/inducta.ch\/wp-content\/uploads\/2023\/09\/Firmensitz-Inducta.jpg","datePublished":"2015-07-16T07:12:51+00:00","dateModified":"2024-01-30T12:40:18+00:00","description":"INDUCTA AG - Souhaitez-vous un conseil ou avez-vous une question concernant notre gramme de produits ? Nous attendons volontiers votre demande de contact \u00e0 ce sujet.","breadcrumb":{"@id":"https:\/\/inducta.ch\/fr\/demande-de-contact\/#breadcrumb"},"inLanguage":"fr-FR","potentialAction":[{"@type":"ReadAction","target":["https:\/\/inducta.ch\/fr\/demande-de-contact\/"]}]},{"@type":"ImageObject","inLanguage":"fr-FR","@id":"https:\/\/inducta.ch\/fr\/demande-de-contact\/#primaryimage","url":"https:\/\/inducta.ch\/wp-content\/uploads\/2023\/09\/Firmensitz-Inducta.jpg","contentUrl":"https:\/\/inducta.ch\/wp-content\/uploads\/2023\/09\/Firmensitz-Inducta.jpg","width":845,"height":522,"caption":"INDUCTA AG - Firmensitz im Schoren Gwatt\/Thun"},{"@type":"BreadcrumbList","@id":"https:\/\/inducta.ch\/fr\/demande-de-contact\/#breadcrumb","itemListElement":[{"@type":"ListItem","position":1,"name":"Startseite","item":"https:\/\/inducta.ch\/fr\/"},{"@type":"ListItem","position":2,"name":"Demande de contact"}]},{"@type":"WebSite","@id":"https:\/\/inducta.ch\/fr\/#website","url":"https:\/\/inducta.ch\/fr\/","name":"INDUCTA AG","description":"Time is magic \u2013 wir machen diese Magie von Weitem sichtbar","publisher":{"@id":"https:\/\/inducta.ch\/fr\/#organization"},"potentialAction":[{"@type":"SearchAction","target":{"@type":"EntryPoint","urlTemplate":"https:\/\/inducta.ch\/fr\/?s={search_term_string}"},"query-input":{"@type":"PropertyValueSpecification","valueRequired":true,"valueName":"search_term_string"}}],"inLanguage":"fr-FR"},{"@type":"Organization","@id":"https:\/\/inducta.ch\/fr\/#organization","name":"INDUCTA AG","url":"https:\/\/inducta.ch\/fr\/","logo":{"@type":"ImageObject","inLanguage":"fr-FR","@id":"https:\/\/inducta.ch\/fr\/#\/schema\/logo\/image\/","url":"https:\/\/inducta.ch\/wp-content\/uploads\/2023\/10\/Inducta_logo-1.png","contentUrl":"https:\/\/inducta.ch\/wp-content\/uploads\/2023\/10\/Inducta_logo-1.png","width":341,"height":130,"caption":"INDUCTA AG"},"image":{"@id":"https:\/\/inducta.ch\/fr\/#\/schema\/logo\/image\/"}}]}},"_links":{"self":[{"href":"https:\/\/inducta.ch\/fr\/wp-json\/wp\/v2\/pages\/2579","targetHints":{"allow":["GET"]}}],"collection":[{"href":"https:\/\/inducta.ch\/fr\/wp-json\/wp\/v2\/pages"}],"about":[{"href":"https:\/\/inducta.ch\/fr\/wp-json\/wp\/v2\/types\/page"}],"author":[{"embeddable":true,"href":"https:\/\/inducta.ch\/fr\/wp-json\/wp\/v2\/users\/1"}],"replies":[{"embeddable":true,"href":"https:\/\/inducta.ch\/fr\/wp-json\/wp\/v2\/comments?post=2579"}],"version-history":[{"count":7,"href":"https:\/\/inducta.ch\/fr\/wp-json\/wp\/v2\/pages\/2579\/revisions"}],"predecessor-version":[{"id":3352,"href":"https:\/\/inducta.ch\/fr\/wp-json\/wp\/v2\/pages\/2579\/revisions\/3352"}],"wp:featuredmedia":[{"embeddable":true,"href":"https:\/\/inducta.ch\/fr\/wp-json\/wp\/v2\/media\/1795"}],"wp:attachment":[{"href":"https:\/\/inducta.ch\/fr\/wp-json\/wp\/v2\/media?parent=2579"}],"curies":[{"name":"wp","href":"https:\/\/api.w.org\/{rel}","templated":true}]}}